{"id":75,"date":"2021-07-28T08:25:08","date_gmt":"2021-07-28T11:25:08","guid":{"rendered":"http:\/\/turismopiedrasblancas.com.ar\/?page_id=75"},"modified":"2021-08-25T07:15:20","modified_gmt":"2021-08-25T10:15:20","slug":"actividades","status":"publish","type":"page","link":"https:\/\/turismopiedrasblancas.com.ar\/index.php\/actividades\/","title":{"rendered":"Nuestra Historia"},"content":{"rendered":"\n<p><span class=\"has-inline-color has-black-color\">El espacio f\u00edsico que ocupa actualmente la localidad de&nbsp;Piedras Blancas, estuvo habitado originalmente por&nbsp;abor\u00edgenes entrerrianos y luego, desde fines del siglo XVI, por pobladores espa\u00f1oles, dentro de lo que se conoce como Comarca Fundadora del territorio entrerriano. Sin embargo, la existencia formal de la comunidad est\u00e1 atada a la fundaci\u00f3n en octubre de 1933 de la empresa impulsora \u201c<strong>Paul Bard\u00edn e Hijos Sociedad Comercial<\/strong>\u201d, as\u00ed como del Establecimiento \u201cPiedras Blancas\u201d en el departamento La Paz, distrito Alcar\u00e1z Segundo. La empresa proceder\u00eda posteriormente a la venta de parte de los lotes de su propiedad, 32 espec\u00edficamente, dando lugar a la aparici\u00f3n de los que se se\u00f1alan como pobladores pioneros.<\/span><\/p>\n\n\n\n<p><span class=\"has-inline-color has-black-color\">Fueron los hermanos&nbsp;<strong>Pedro y Pablo Bard\u00edn&nbsp;<\/strong>quienes en 1933 so\u00f1aron con convertir en una ciudad jard\u00edn el establecimiento adquirido en las costas entrerrianas, y sus alrededores de paisaje fresco y admirable. Por ello las cuadras de la localidad no respetan la forma de damero tradicional en las colonias agr\u00edcolas de&nbsp;<strong>Entre R\u00edos<\/strong>; las calles ostentan nombres de p\u00e1jaros aut\u00f3ctonos; y muchas de sus primitivas casas lucen en las fachadas, inscripta en hierro forjado, la nominaci\u00f3n de alguna especie vegetal de la zona.<br>El 22 de octubre de 1933 los hermanos Pedro y Pablo Bard\u00edn crearon una f\u00e1brica de yeso que se conmemora como fundacional de la localidad.<br>En 1956 el propietario de los campos de la actual Piedras Blancas, Pablo Bard\u00edn, solicit\u00f3 la creaci\u00f3n de un pueblo en sus tierras, que fue aprobado por decreto n.\u00b0 8599\/1956. La localidad fue proyectada sin seguir el patr\u00f3n de damero que siguen la mayor\u00eda de las localidades de Entre R\u00edos. Las manzanas se agrupan en torno a una calle principal (la avenida Tuyango) y tienen formas irregulares siguiendo los contornos del nivel del terreno. Las calles llevan nombres de p\u00e1jaros y plantas aut\u00f3ctonas y en su mayor\u00eda est\u00e1n pavimentadas.7 Sobre la costa se halla una f\u00e1brica de yeso.<br>Los l\u00edmites jurisdiccionales de la planta urbana de la localidad fueron fijados por decreto 2012\/1984 MGJE del 11 de junio de 1984.8 Los l\u00edmites jurisdiccionales de la junta de gobierno fueron fijados por decreto 2736\/1984 MGJE del 31 de julio de 1984.<br>El 18 de noviembre de de 1992 la Legislatura provincial sancion\u00f3 la ley N.\u00b0 8700 (promulgada el 4 de diciembre de 1992) aprobando el censo realizado y el ejido del futuro municipio.El 16 de marzo de 1993 fue creado el municipio de 2\u00b0 categor\u00eda mediante el decreto N.\u00b0 762\/1993 del gobernador de Entre R\u00edos, sustituyendo a la junta de gobierno existente hasta entonces.<br>Mediante la ley N.\u00b0 9361 sancionada el 26 de septiembre de 2001 (promulgada el 2 de octubre de 2001) el ejido municipal fue ampliado, apoy\u00e1ndose en el riacho Alcaraz, arroyo Feliciano, arroyo Alviso, ruta A03 y arroyo Hernandarias<\/span><\/p>\n","protected":false},"excerpt":{"rendered":"<p>El espacio f&iacute;sico que ocupa actualmente la localidad de&nbsp;Piedras Blancas, estuvo habitado originalmente por&nbsp;abor&iacute;genes entrerrianos y luego, desde fines del siglo XVI, por pobladores espa&ntilde;oles, dentro de lo que se conoce como Comarca Fundadora del territorio entrerriano. Sin embargo, la existencia formal de la comunidad est&aacute; atada a la fundaci&oacute;n [&hellip;]<\/p>\n","protected":false},"author":1,"featured_media":0,"parent":0,"menu_order":0,"comment_status":"closed","ping_status":"closed","template":"","meta":{"om_disable_all_campaigns":false,"_monsterinsights_skip_tracking":false,"_monsterinsights_sitenote_active":false,"_monsterinsights_sitenote_note":"","_monsterinsights_sitenote_category":0,"ngg_post_thumbnail":0},"_links":{"self":[{"href":"https:\/\/turismopiedrasblancas.com.ar\/index.php\/wp-json\/wp\/v2\/pages\/75"}],"collection":[{"href":"https:\/\/turismopiedrasblancas.com.ar\/index.php\/wp-json\/wp\/v2\/pages"}],"about":[{"href":"https:\/\/turismopiedrasblancas.com.ar\/index.php\/wp-json\/wp\/v2\/types\/page"}],"author":[{"embeddable":true,"href":"https:\/\/turismopiedrasblancas.com.ar\/index.php\/wp-json\/wp\/v2\/users\/1"}],"replies":[{"embeddable":true,"href":"https:\/\/turismopiedrasblancas.com.ar\/index.php\/wp-json\/wp\/v2\/comments?post=75"}],"version-history":[{"count":5,"href":"https:\/\/turismopiedrasblancas.com.ar\/index.php\/wp-json\/wp\/v2\/pages\/75\/revisions"}],"predecessor-version":[{"id":575,"href":"https:\/\/turismopiedrasblancas.com.ar\/index.php\/wp-json\/wp\/v2\/pages\/75\/revisions\/575"}],"wp:attachment":[{"href":"https:\/\/turismopiedrasblancas.com.ar\/index.php\/wp-json\/wp\/v2\/media?parent=75"}],"curies":[{"name":"wp","href":"https:\/\/api.w.org\/{rel}","templated":true}]}}