{"id":122,"date":"2021-08-15T00:39:07","date_gmt":"2021-08-15T03:39:07","guid":{"rendered":"http:\/\/turismopiedrasblancas.com.ar\/?page_id=122"},"modified":"2026-02-13T11:00:42","modified_gmt":"2026-02-13T14:00:42","slug":"playa-camping-el-saucedal","status":"publish","type":"page","link":"https:\/\/turismopiedrasblancas.com.ar\/index.php\/playa-camping-el-saucedal\/","title":{"rendered":"Playa &#8211; Camping El Saucedal"},"content":{"rendered":"\n<figure class=\"wp-block-image size-full is-resized\"><img loading=\"lazy\" src=\"http:\/\/turismopiedrasblancas.com.ar\/wp-content\/uploads\/2021\/08\/publi-turismo-piedras-blancas.gif\" alt=\"\" class=\"wp-image-208\" width=\"843\" height=\"250\"\/><\/figure>\n\n\n\n<p><span class=\"has-inline-color has-black-color\">El R\u00edo Paran\u00e1 ba\u00f1a las costas de Piedras Blancas,&nbsp; formando hacia el sur, una interminable&nbsp; playa de arenas finas, una de las m\u00e1s extensas del corredor tur\u00edstico de la Costa del Paran\u00e1, la cual cuenta con demarcaci\u00f3n de boyas y servicio de guardavidas, enfermer\u00eda, duchas y zona de ba\u00f1os.<\/span><\/p>\n\n\n\n<p><span class=\"has-inline-color has-black-color\">Adem\u00e1s, el predio cuenta con una extensa zona de pesca donde puede encontrar distintos ejemplares de la fauna ict\u00edcola, una extensa zona&nbsp; para acampar, el lugar cuenta con una proveedur\u00eda, zona de ba\u00f1os-duchas c\/agua caliente, churrasqueras con piletas, malacate y todos los servicios que el turista necesita.<\/span><\/p>\n\n\n\n<p><span class=\"has-inline-color has-black-color\"><strong>Tarifas de Ingresos y Estad\u00edas<\/strong><\/span><\/p>\n\n\n\n<p><strong><span class=\"has-inline-color has-black-color\">Ingreso:<\/span><\/strong><br><span class=\"has-inline-color has-black-color\">\u2013 Por Persona <strong>$2.500<\/strong><br>\u2013 Personas con Discapacidad mas un acompa\u00f1ante <strong>Sin Costo<\/strong><br>\u2013 Motos <strong>$2.500<\/strong><br>\u2013 Veh\u00edculos livianos <strong>$4.000<\/strong><br>\u2013 Embarcaciones c\/propulsi\u00f3n mec\u00e1nica <strong>$15.000<\/strong><br>\u2013 Embarcaciones c\/propulsi\u00f3n humana <strong>$2.500<\/strong><br>\u2013 Casa Rodante <strong>$8.000<\/strong><br>\u2013 Camiones y Colectivos <strong>$8.000<\/strong><\/span><\/p>\n\n\n\n<p><span class=\"has-inline-color has-black-color\"><strong>Estad\u00edas \/ Alojamientos<\/strong><br>\u2013 Carpas por d\u00eda <strong>$15.000<\/strong><br>\u2013 Casas rodantes por d\u00eda <strong>$30.000<\/strong><\/span><\/p>\n\n\n\n<h4 class=\"has-text-align-center\" id=\"block-bd630151-0b5f-40f2-96ea-d0c8a22c6356\"> <span style=\"color:#520703\" class=\"has-inline-color\"><span style=\"color:#520703\" class=\"has-inline-color\">Informaci\u00f3n  &#8211; Contacto 343855843<\/span>3 <\/span> <\/h4>\n\n\n\n<figure class=\"wp-block-image size-large\"><a href=\"https:\/\/api.whatsapp.com\/send?phone=3438558433&amp;text=Hola,%20\"><img loading=\"lazy\" width=\"1024\" height=\"81\" src=\"http:\/\/turismopiedrasblancas.com.ar\/wp-content\/uploads\/2022\/11\/boton-w-1024x81.jpg\" alt=\"\" class=\"wp-image-1376\" srcset=\"https:\/\/turismopiedrasblancas.com.ar\/wp-content\/uploads\/2022\/11\/boton-w-1024x81.jpg 1024w, https:\/\/turismopiedrasblancas.com.ar\/wp-content\/uploads\/2022\/11\/boton-w-300x24.jpg 300w, https:\/\/turismopiedrasblancas.com.ar\/wp-content\/uploads\/2022\/11\/boton-w-768x61.jpg 768w, https:\/\/turismopiedrasblancas.com.ar\/wp-content\/uploads\/2022\/11\/boton-w-1536x122.jpg 1536w, https:\/\/turismopiedrasblancas.com.ar\/wp-content\/uploads\/2022\/11\/boton-w.jpg 1991w\" sizes=\"(max-width: 1024px) 100vw, 1024px\" \/><\/a><\/figure>\n\n\n\n<p><\/p>\n","protected":false},"excerpt":{"rendered":"<p>El R&iacute;o Paran&aacute; ba&ntilde;a las costas de Piedras Blancas,&nbsp; formando hacia el sur, una interminable&nbsp; playa de arenas finas, una de las m&aacute;s extensas del corredor tur&iacute;stico de la Costa del Paran&aacute;, la cual cuenta con demarcaci&oacute;n de boyas y servicio de guardavidas, enfermer&iacute;a, duchas y zona de ba&ntilde;os. Adem&aacute;s, [&hellip;]<\/p>\n","protected":false},"author":2,"featured_media":0,"parent":0,"menu_order":0,"comment_status":"closed","ping_status":"closed","template":"","meta":{"om_disable_all_campaigns":false,"_monsterinsights_skip_tracking":false,"_monsterinsights_sitenote_active":false,"_monsterinsights_sitenote_note":"","_monsterinsights_sitenote_category":0,"ngg_post_thumbnail":0},"_links":{"self":[{"href":"https:\/\/turismopiedrasblancas.com.ar\/index.php\/wp-json\/wp\/v2\/pages\/122"}],"collection":[{"href":"https:\/\/turismopiedrasblancas.com.ar\/index.php\/wp-json\/wp\/v2\/pages"}],"about":[{"href":"https:\/\/turismopiedrasblancas.com.ar\/index.php\/wp-json\/wp\/v2\/types\/page"}],"author":[{"embeddable":true,"href":"https:\/\/turismopiedrasblancas.com.ar\/index.php\/wp-json\/wp\/v2\/users\/2"}],"replies":[{"embeddable":true,"href":"https:\/\/turismopiedrasblancas.com.ar\/index.php\/wp-json\/wp\/v2\/comments?post=122"}],"version-history":[{"count":23,"href":"https:\/\/turismopiedrasblancas.com.ar\/index.php\/wp-json\/wp\/v2\/pages\/122\/revisions"}],"predecessor-version":[{"id":1674,"href":"https:\/\/turismopiedrasblancas.com.ar\/index.php\/wp-json\/wp\/v2\/pages\/122\/revisions\/1674"}],"wp:attachment":[{"href":"https:\/\/turismopiedrasblancas.com.ar\/index.php\/wp-json\/wp\/v2\/media?parent=122"}],"curies":[{"name":"wp","href":"https:\/\/api.w.org\/{rel}","templated":true}]}}