{"id":1169,"date":"2022-01-24T09:33:08","date_gmt":"2022-01-24T12:33:08","guid":{"rendered":"http:\/\/turismopiedrasblancas.com.ar\/?page_id=1169"},"modified":"2025-01-08T08:45:09","modified_gmt":"2025-01-08T11:45:09","slug":"posta-el-taji","status":"publish","type":"page","link":"https:\/\/turismopiedrasblancas.com.ar\/index.php\/posta-el-taji\/","title":{"rendered":"Posta El Tajy"},"content":{"rendered":"\n<p>En la confluencia del Arroyo Hernandarias y el R\u00edo Paran\u00e1, dentro de un marco natural privilegiado, se encuentra el <strong>Establecimiento &#8220;El Tajy&#8221;<\/strong>. Dentro de sus l\u00edmites est\u00e1 una parte de la laguna de Los Patos, humedal protegido y elegido por innumerables aves migratorias<\/p>\n\n\n\n<p>Dedicado originalmente a la ganader\u00eda, el establecimiento ofrece tambi\u00e9n durante todo el A\u00f1o actividades a puro contacto con la naturaleza como el senderismo, avistaje de aves, cabalgatas y d\u00edas de campo<\/p>\n\n\n\n<figure class=\"wp-block-gallery columns-0 is-cropped\"><ul class=\"blocks-gallery-grid\"><\/ul><\/figure>\n\n\n\n<p><strong>DISFRUTANDO DE LA NATURALEZA&#8230;<\/strong><\/p>\n\n\n\n<ul><li>Realiza senderos auto guiados y auto interpretativos<\/li><li>Compartir un asado con amigos y familia rodeado de la naturaleza<\/li><li>Disfrut\u00e1 de la increible variedad de aves aut\u00f3ctonas y migratorias<\/li><li>Recorr\u00e9 a caballo humedales naturales y bosque nativo guiado por jinetes expertos <\/li><\/ul>\n\n\n\n<p class=\"has-text-align-center\"><strong>Contacto: +5493412623455<\/strong><\/p>\n\n\n\n<div class=\"wp-block-image\"><figure class=\"aligncenter size-large is-resized\"><a href=\"https:\/\/api.whatsapp.com\/send?phone=5493412623455&amp;text=Hola,%20\"><img loading=\"lazy\" src=\"http:\/\/turismopiedrasblancas.com.ar\/wp-content\/uploads\/2022\/11\/boton-w-1024x81.jpg\" alt=\"\" class=\"wp-image-1376\" width=\"560\" height=\"44\" srcset=\"https:\/\/turismopiedrasblancas.com.ar\/wp-content\/uploads\/2022\/11\/boton-w-1024x81.jpg 1024w, https:\/\/turismopiedrasblancas.com.ar\/wp-content\/uploads\/2022\/11\/boton-w-300x24.jpg 300w, https:\/\/turismopiedrasblancas.com.ar\/wp-content\/uploads\/2022\/11\/boton-w-768x61.jpg 768w, https:\/\/turismopiedrasblancas.com.ar\/wp-content\/uploads\/2022\/11\/boton-w-1536x122.jpg 1536w, https:\/\/turismopiedrasblancas.com.ar\/wp-content\/uploads\/2022\/11\/boton-w.jpg 1991w\" sizes=\"(max-width: 560px) 100vw, 560px\" \/><\/a><\/figure><\/div>\n\n\n\n<p>Instagram: @postaeltajy<\/p>\n\n\n\n<figure class=\"wp-block-image size-large\"><img loading=\"lazy\" width=\"718\" height=\"1024\" src=\"http:\/\/turismopiedrasblancas.com.ar\/wp-content\/uploads\/2022\/01\/TAJI-718x1024.jpg\" alt=\"\" class=\"wp-image-1179\" srcset=\"https:\/\/turismopiedrasblancas.com.ar\/wp-content\/uploads\/2022\/01\/TAJI-718x1024.jpg 718w, https:\/\/turismopiedrasblancas.com.ar\/wp-content\/uploads\/2022\/01\/TAJI-210x300.jpg 210w, https:\/\/turismopiedrasblancas.com.ar\/wp-content\/uploads\/2022\/01\/TAJI-768x1096.jpg 768w, https:\/\/turismopiedrasblancas.com.ar\/wp-content\/uploads\/2022\/01\/TAJI.jpg 843w\" sizes=\"(max-width: 718px) 100vw, 718px\" \/><\/figure>\n","protected":false},"excerpt":{"rendered":"<p>En la confluencia del Arroyo Hernandarias y el R&iacute;o Paran&aacute;, dentro de un marco natural privilegiado, se encuentra el Establecimiento &ldquo;El Tajy&rdquo;. Dentro de sus l&iacute;mites est&aacute; una parte de la laguna de Los Patos, humedal protegido y elegido por innumerables aves migratorias Dedicado originalmente a la ganader&iacute;a, el establecimiento [&hellip;]<\/p>\n","protected":false},"author":2,"featured_media":0,"parent":0,"menu_order":0,"comment_status":"closed","ping_status":"closed","template":"","meta":{"om_disable_all_campaigns":false,"_monsterinsights_skip_tracking":false,"_monsterinsights_sitenote_active":false,"_monsterinsights_sitenote_note":"","_monsterinsights_sitenote_category":0,"ngg_post_thumbnail":0},"_links":{"self":[{"href":"https:\/\/turismopiedrasblancas.com.ar\/index.php\/wp-json\/wp\/v2\/pages\/1169"}],"collection":[{"href":"https:\/\/turismopiedrasblancas.com.ar\/index.php\/wp-json\/wp\/v2\/pages"}],"about":[{"href":"https:\/\/turismopiedrasblancas.com.ar\/index.php\/wp-json\/wp\/v2\/types\/page"}],"author":[{"embeddable":true,"href":"https:\/\/turismopiedrasblancas.com.ar\/index.php\/wp-json\/wp\/v2\/users\/2"}],"replies":[{"embeddable":true,"href":"https:\/\/turismopiedrasblancas.com.ar\/index.php\/wp-json\/wp\/v2\/comments?post=1169"}],"version-history":[{"count":19,"href":"https:\/\/turismopiedrasblancas.com.ar\/index.php\/wp-json\/wp\/v2\/pages\/1169\/revisions"}],"predecessor-version":[{"id":1664,"href":"https:\/\/turismopiedrasblancas.com.ar\/index.php\/wp-json\/wp\/v2\/pages\/1169\/revisions\/1664"}],"wp:attachment":[{"href":"https:\/\/turismopiedrasblancas.com.ar\/index.php\/wp-json\/wp\/v2\/media?parent=1169"}],"curies":[{"name":"wp","href":"https:\/\/api.w.org\/{rel}","templated":true}]}}