{"id":504,"date":"2021-08-23T20:24:35","date_gmt":"2021-08-23T23:24:35","guid":{"rendered":"http:\/\/turismopiedrasblancas.com.ar\/?page_id=504"},"modified":"2021-08-24T11:40:14","modified_gmt":"2021-08-24T14:40:14","slug":"pesca-deportiva","status":"publish","type":"page","link":"http:\/\/turismopiedrasblancas.com.ar\/index.php\/pesca-deportiva\/","title":{"rendered":"Pesca Deportiva"},"content":{"rendered":"\n<p><span class=\"has-inline-color has-black-color\">Piedras Blancas descubre ante sus visitantes la riqueza ict\u00edcola de sus aguas y la bondad de su territorio como pesquero durante todo el a\u00f1o, en distintos sectores y con diversidad de especies.<br>Adem\u00e1s de la posibilidad que brinda Piedras Blancas de pescar desde sus costas, presenta distintos puntos ramificados en el cauce del majestuoso R\u00edo donde se puede llegar a probar suerte en la pesca.<br>Vale igualmente recomendar la jornada de pesca en el paraje Piedra Mora, considerado entre los cinco mejores pesqueros de dorados del pa\u00eds; en la boca del Correntoso; en Las Cruces; en el arroyo Feliciano.<br>Piedras Blancas es reconocida como generoso escenario pesquero, tanto por el tama\u00f1o de las piezas, como por la variedad de especies que se capturan. Y ello rematado con instalaciones e infraestructura para la plena y c\u00f3moda estad\u00eda del pescador y sus acompa\u00f1antes.<\/span><\/p>\n\n\n\n<p><span class=\"has-inline-color has-black-color\"><strong>Pesca de Dorado<\/strong><br>La fecha propicia para la pesca de esta especie se extiende entre el 14 de julio y el 15 de octubre. Tambi\u00e9n entre mediado de febrero y fines de marzo.<br>Imperdible llegarse con el equipo de pesca hasta Piedra Mora, considerado uno de los mejores cinco pesqueros de dorados del pa\u00eds.<\/span><\/p>\n\n\n\n<p><span class=\"has-inline-color has-black-color\"><strong>Pesca Variada<\/strong><br>La \u00e9poca veraniega es temporada propicia para la captura de ejemplares combativos y de buen peso de mocholo, manduv\u00ed, boga y armado.<br>La pesca de pat\u00ed se desarrolla con excelentes resultados a lo largo de todo el a\u00f1o.<\/span><\/p>\n\n\n\n<p><span class=\"has-inline-color has-black-color\"><strong>Pesqueros Recomendados<\/strong><br>Piedra Mora, Riacho del Correntoso,Las Cruces, Arroyo Feliciano, Las Tres Bocas, Kaier, Los Aromos, El Rubito, Boca Laguna Redonda, Camping Piray\u00fa, Isla El Progreso, Islote de los Chanchos, Isla El Mencho, Pescador Serv\u00edn, Pescador Silva y Barranca a Pique<\/span><\/p>\n","protected":false},"excerpt":{"rendered":"<p>Piedras Blancas descubre ante sus visitantes la riqueza ict&iacute;cola de sus aguas y la bondad de su territorio como pesquero durante todo el a&ntilde;o, en distintos sectores y con diversidad de especies.Adem&aacute;s de la posibilidad que brinda Piedras Blancas de pescar desde sus costas, presenta distintos puntos ramificados en el [&hellip;]<\/p>\n","protected":false},"author":2,"featured_media":0,"parent":0,"menu_order":0,"comment_status":"closed","ping_status":"closed","template":"","meta":{"om_disable_all_campaigns":false,"_monsterinsights_skip_tracking":false,"_monsterinsights_sitenote_active":false,"_monsterinsights_sitenote_note":"","_monsterinsights_sitenote_category":0,"ngg_post_thumbnail":0},"_links":{"self":[{"href":"http:\/\/turismopiedrasblancas.com.ar\/index.php\/wp-json\/wp\/v2\/pages\/504"}],"collection":[{"href":"http:\/\/turismopiedrasblancas.com.ar\/index.php\/wp-json\/wp\/v2\/pages"}],"about":[{"href":"http:\/\/turismopiedrasblancas.com.ar\/index.php\/wp-json\/wp\/v2\/types\/page"}],"author":[{"embeddable":true,"href":"http:\/\/turismopiedrasblancas.com.ar\/index.php\/wp-json\/wp\/v2\/users\/2"}],"replies":[{"embeddable":true,"href":"http:\/\/turismopiedrasblancas.com.ar\/index.php\/wp-json\/wp\/v2\/comments?post=504"}],"version-history":[{"count":3,"href":"http:\/\/turismopiedrasblancas.com.ar\/index.php\/wp-json\/wp\/v2\/pages\/504\/revisions"}],"predecessor-version":[{"id":559,"href":"http:\/\/turismopiedrasblancas.com.ar\/index.php\/wp-json\/wp\/v2\/pages\/504\/revisions\/559"}],"wp:attachment":[{"href":"http:\/\/turismopiedrasblancas.com.ar\/index.php\/wp-json\/wp\/v2\/media?parent=504"}],"curies":[{"name":"wp","href":"https:\/\/api.w.org\/{rel}","templated":true}]}}