{"id":502,"date":"2021-08-23T20:23:41","date_gmt":"2021-08-23T23:23:41","guid":{"rendered":"http:\/\/turismopiedrasblancas.com.ar\/?page_id=502"},"modified":"2021-08-25T10:27:51","modified_gmt":"2021-08-25T13:27:51","slug":"laguna-el-brete","status":"publish","type":"page","link":"http:\/\/turismopiedrasblancas.com.ar\/index.php\/laguna-el-brete\/","title":{"rendered":"Laguna El Brete"},"content":{"rendered":"\n<p><span class=\"has-inline-color has-black-color\">Uno de los atractivos naturales de &nbsp;Piedras Blancas es la laguna El Brete,&nbsp; marco natural que tiene la particularidad de conjugar una arm\u00f3nica interacci\u00f3n entre el desarrollo de infraestructuras que brindan al turismo servicios y alternativas recreativas, con un ambiente de extraordinaria diversidad en recursos silvestres, un lugar apropiado para observar la&nbsp; fauna y flora del lugar.<\/span><\/p>\n\n\n\n<p><span class=\"has-inline-color has-black-color\">La Laguna \u00abEl Brete\u00bb es un lugar ideal para los safaris fotogr\u00e1ficos, donde los aficionados a la fotograf\u00eda podr\u00e1n hacer sus tomas en un constante contacto con la naturaleza.<\/span><\/p>\n\n\n\n<p><span class=\"has-inline-color has-black-color\">Este predio fue declarado <strong>Espacio Natural Protegido<\/strong>, por la Municipalidad de Piedras Blancas en el a\u00f1o 2009.<\/span><\/p>\n\n\n\n<figure class=\"wp-block-embed is-type-video is-provider-youtube wp-block-embed-youtube wp-embed-aspect-4-3 wp-has-aspect-ratio\"><div class=\"wp-block-embed__wrapper\">\n<iframe loading=\"lazy\" title=\"Piedras Blancas es un lugar  naturalmente \u00fanico.\" width=\"750\" height=\"563\" src=\"https:\/\/www.youtube.com\/embed\/WYF5es00NfM?feature=oembed\" frameborder=\"0\" allow=\"accelerometer; autoplay; clipboard-write; encrypted-media; gyroscope; picture-in-picture\" allowfullscreen><\/iframe>\n<\/div><\/figure>\n","protected":false},"excerpt":{"rendered":"<p>Uno de los atractivos naturales de &nbsp;Piedras Blancas es la laguna El Brete,&nbsp; marco natural que tiene la particularidad de conjugar una arm&oacute;nica interacci&oacute;n entre el desarrollo de infraestructuras que brindan al turismo servicios y alternativas recreativas, con un ambiente de extraordinaria diversidad en recursos silvestres, un lugar apropiado para [&hellip;]<\/p>\n","protected":false},"author":2,"featured_media":0,"parent":0,"menu_order":0,"comment_status":"closed","ping_status":"closed","template":"","meta":{"om_disable_all_campaigns":false,"_monsterinsights_skip_tracking":false,"_monsterinsights_sitenote_active":false,"_monsterinsights_sitenote_note":"","_monsterinsights_sitenote_category":0,"ngg_post_thumbnail":0},"_links":{"self":[{"href":"http:\/\/turismopiedrasblancas.com.ar\/index.php\/wp-json\/wp\/v2\/pages\/502"}],"collection":[{"href":"http:\/\/turismopiedrasblancas.com.ar\/index.php\/wp-json\/wp\/v2\/pages"}],"about":[{"href":"http:\/\/turismopiedrasblancas.com.ar\/index.php\/wp-json\/wp\/v2\/types\/page"}],"author":[{"embeddable":true,"href":"http:\/\/turismopiedrasblancas.com.ar\/index.php\/wp-json\/wp\/v2\/users\/2"}],"replies":[{"embeddable":true,"href":"http:\/\/turismopiedrasblancas.com.ar\/index.php\/wp-json\/wp\/v2\/comments?post=502"}],"version-history":[{"count":4,"href":"http:\/\/turismopiedrasblancas.com.ar\/index.php\/wp-json\/wp\/v2\/pages\/502\/revisions"}],"predecessor-version":[{"id":593,"href":"http:\/\/turismopiedrasblancas.com.ar\/index.php\/wp-json\/wp\/v2\/pages\/502\/revisions\/593"}],"wp:attachment":[{"href":"http:\/\/turismopiedrasblancas.com.ar\/index.php\/wp-json\/wp\/v2\/media?parent=502"}],"curies":[{"name":"wp","href":"https:\/\/api.w.org\/{rel}","templated":true}]}}