{"id":464,"date":"2021-08-21T17:25:32","date_gmt":"2021-08-21T20:25:32","guid":{"rendered":"http:\/\/turismopiedrasblancas.com.ar\/?page_id=464"},"modified":"2021-08-21T21:57:14","modified_gmt":"2021-08-22T00:57:14","slug":"exclusivo-prestadores","status":"publish","type":"page","link":"http:\/\/turismopiedrasblancas.com.ar\/index.php\/exclusivo-prestadores\/","title":{"rendered":"Exclusivo Prestadores"},"content":{"rendered":"\n<p><span class=\"has-inline-color has-black-color\">A continuaci\u00f3n encontrar\u00e1 documentos con la normativa provincial\/local e informaci\u00f3n de inter\u00e9s para prestadores de alojamientos, gastron\u00f3micos y servicios tur\u00edsticos.<\/span><\/p>\n\n\n\n<p><span class=\"has-inline-color has-black-color\"><strong>ALOJAMIENTOS<\/strong><\/span><\/p>\n\n\n\n<p><span class=\"has-inline-color has-black-color\">La provincia de Entre R\u00edos posee la Ley N\u00ba 7360, el Decreto Ley 7205 y el Decreto 117\/2010, que reglamentan a todos los establecimientos dedicados a ofrecer el servicio de alojamiento tur\u00edstico. El tr\u00e1mite de inscripci\u00f3n provincial es obligatorio y sin costo<\/span><\/p>\n\n\n\n<p><span class=\"has-inline-color has-black-color\"><strong>\u2192 <\/strong><\/span><strong><span class=\"has-inline-color has-black-color\">Ver\/Descargar Documentaci\u00f3n <\/span><\/strong><\/p>\n\n\n\n<div class=\"wp-block-buttons\">\n<div class=\"wp-block-button\"><a class=\"wp-block-button__link\" href=\"http:\/\/turismopiedrasblancas.com.ar\/wp-content\/uploads\/2021\/08\/ReglamentacionAlojamientosTuristicos-Ley-7360.pdf\">Ley  N\u00b0 7360<\/a><\/div>\n\n\n\n<div class=\"wp-block-button\"><a class=\"wp-block-button__link\" href=\"http:\/\/turismopiedrasblancas.com.ar\/wp-content\/uploads\/2021\/08\/DECRETO_ALOJAMIENTO117-10.pdf\">Decreto 117\/10<\/a><\/div>\n\n\n\n<div class=\"wp-block-button\"><a class=\"wp-block-button__link\" href=\"http:\/\/turismopiedrasblancas.com.ar\/wp-content\/uploads\/2021\/08\/homologacion.pdf\">Formulario de Homologaci\u00f3n<\/a><\/div>\n<\/div>\n\n\n\n<p><\/p>\n\n\n\n<p><strong><span class=\"has-inline-color has-black-color\">GASTRON\u00d3MICOS<\/span><\/strong><\/p>\n\n\n\n<p><\/p>\n\n\n\n<p><strong><span class=\"has-inline-color has-black-color\">GU\u00cdAS DE PESCA<\/span><\/strong><\/p>\n","protected":false},"excerpt":{"rendered":"<p>A continuaci&oacute;n encontrar&aacute; documentos con la normativa provincial\/local e informaci&oacute;n de inter&eacute;s para prestadores de alojamientos, gastron&oacute;micos y servicios tur&iacute;sticos. ALOJAMIENTOS La provincia de Entre R&iacute;os posee la Ley N&ordm; 7360, el Decreto Ley 7205 y el Decreto 117\/2010, que reglamentan a todos los establecimientos dedicados a ofrecer el servicio [&hellip;]<\/p>\n","protected":false},"author":2,"featured_media":0,"parent":0,"menu_order":0,"comment_status":"closed","ping_status":"closed","template":"","meta":{"om_disable_all_campaigns":false,"_monsterinsights_skip_tracking":false,"_monsterinsights_sitenote_active":false,"_monsterinsights_sitenote_note":"","_monsterinsights_sitenote_category":0,"ngg_post_thumbnail":0},"_links":{"self":[{"href":"http:\/\/turismopiedrasblancas.com.ar\/index.php\/wp-json\/wp\/v2\/pages\/464"}],"collection":[{"href":"http:\/\/turismopiedrasblancas.com.ar\/index.php\/wp-json\/wp\/v2\/pages"}],"about":[{"href":"http:\/\/turismopiedrasblancas.com.ar\/index.php\/wp-json\/wp\/v2\/types\/page"}],"author":[{"embeddable":true,"href":"http:\/\/turismopiedrasblancas.com.ar\/index.php\/wp-json\/wp\/v2\/users\/2"}],"replies":[{"embeddable":true,"href":"http:\/\/turismopiedrasblancas.com.ar\/index.php\/wp-json\/wp\/v2\/comments?post=464"}],"version-history":[{"count":14,"href":"http:\/\/turismopiedrasblancas.com.ar\/index.php\/wp-json\/wp\/v2\/pages\/464\/revisions"}],"predecessor-version":[{"id":492,"href":"http:\/\/turismopiedrasblancas.com.ar\/index.php\/wp-json\/wp\/v2\/pages\/464\/revisions\/492"}],"wp:attachment":[{"href":"http:\/\/turismopiedrasblancas.com.ar\/index.php\/wp-json\/wp\/v2\/media?parent=464"}],"curies":[{"name":"wp","href":"https:\/\/api.w.org\/{rel}","templated":true}]}}