{"id":176,"date":"2021-08-15T23:05:36","date_gmt":"2021-08-16T02:05:36","guid":{"rendered":"http:\/\/turismopiedrasblancas.com.ar\/?page_id=176"},"modified":"2026-02-13T11:26:04","modified_gmt":"2026-02-13T14:26:04","slug":"posta-del-cardenal","status":"publish","type":"page","link":"http:\/\/turismopiedrasblancas.com.ar\/index.php\/posta-del-cardenal\/","title":{"rendered":"Posta del Cardenal"},"content":{"rendered":"\n<div class=\"wp-block-columns\">\n<div class=\"wp-block-column is-vertically-aligned-top\">\n<figure class=\"wp-block-image size-large is-resized\"><a href=\"#COMO\"><img loading=\"lazy\" src=\"http:\/\/turismopiedrasblancas.com.ar\/wp-content\/uploads\/2021\/09\/COMO-LL-2-770x1024.png\" alt=\"\" class=\"wp-image-759\" width=\"46\" height=\"62\" srcset=\"http:\/\/turismopiedrasblancas.com.ar\/wp-content\/uploads\/2021\/09\/COMO-LL-2-770x1024.png 770w, http:\/\/turismopiedrasblancas.com.ar\/wp-content\/uploads\/2021\/09\/COMO-LL-2-226x300.png 226w, http:\/\/turismopiedrasblancas.com.ar\/wp-content\/uploads\/2021\/09\/COMO-LL-2-768x1021.png 768w, http:\/\/turismopiedrasblancas.com.ar\/wp-content\/uploads\/2021\/09\/COMO-LL-2.png 963w\" sizes=\"(max-width: 46px) 100vw, 46px\" \/><\/a><figcaption>Como Llegar<\/figcaption><\/figure>\n<\/div>\n\n\n\n<div class=\"wp-block-column\">\n<figure class=\"wp-block-image size-large is-resized\"><a href=\"#CONTACTO\"><img loading=\"lazy\" src=\"http:\/\/turismopiedrasblancas.com.ar\/wp-content\/uploads\/2021\/08\/CONTACTO-1024x1024.png\" alt=\"\" class=\"wp-image-641\" width=\"63\" height=\"63\" srcset=\"http:\/\/turismopiedrasblancas.com.ar\/wp-content\/uploads\/2021\/08\/CONTACTO-1024x1024.png 1024w, http:\/\/turismopiedrasblancas.com.ar\/wp-content\/uploads\/2021\/08\/CONTACTO-300x300.png 300w, http:\/\/turismopiedrasblancas.com.ar\/wp-content\/uploads\/2021\/08\/CONTACTO-150x150.png 150w, http:\/\/turismopiedrasblancas.com.ar\/wp-content\/uploads\/2021\/08\/CONTACTO-768x768.png 768w, http:\/\/turismopiedrasblancas.com.ar\/wp-content\/uploads\/2021\/08\/CONTACTO.png 1268w\" sizes=\"(max-width: 63px) 100vw, 63px\" \/><\/a><figcaption>Contacto<\/figcaption><\/figure>\n<\/div>\n\n\n\n<div class=\"wp-block-column\">\n<figure class=\"wp-block-image size-full is-resized\"><a href=\"#TARIFAS\"><img loading=\"lazy\" src=\"http:\/\/turismopiedrasblancas.com.ar\/wp-content\/uploads\/2021\/08\/tarifas.png\" alt=\"\" class=\"wp-image-596\" width=\"69\" height=\"67\" srcset=\"http:\/\/turismopiedrasblancas.com.ar\/wp-content\/uploads\/2021\/08\/tarifas.png 697w, http:\/\/turismopiedrasblancas.com.ar\/wp-content\/uploads\/2021\/08\/tarifas-300x291.png 300w\" sizes=\"(max-width: 69px) 100vw, 69px\" \/><\/a><figcaption>Tarifas<\/figcaption><\/figure>\n<\/div>\n\n\n\n<div class=\"wp-block-column\">\n<figure class=\"wp-block-image size-full is-resized\"><a href=\"#MEDIOS\"><img loading=\"lazy\" src=\"http:\/\/turismopiedrasblancas.com.ar\/wp-content\/uploads\/2021\/08\/medio-de-pago.png\" alt=\"\" class=\"wp-image-598\" width=\"80\" height=\"68\"\/><\/a><figcaption>Medios de Pago<\/figcaption><\/figure>\n\n\n\n<p><\/p>\n<\/div>\n\n\n\n<div class=\"wp-block-column\">\n<div class=\"wp-block-image\"><figure class=\"alignleft size-large is-resized\"><img loading=\"lazy\" src=\"http:\/\/turismopiedrasblancas.com.ar\/wp-content\/uploads\/2021\/08\/posta-1017x1024.png\" alt=\"\" class=\"wp-image-187\" width=\"92\" height=\"92\" srcset=\"http:\/\/turismopiedrasblancas.com.ar\/wp-content\/uploads\/2021\/08\/posta-1017x1024.png 1017w, http:\/\/turismopiedrasblancas.com.ar\/wp-content\/uploads\/2021\/08\/posta-298x300.png 298w, http:\/\/turismopiedrasblancas.com.ar\/wp-content\/uploads\/2021\/08\/posta-150x150.png 150w, http:\/\/turismopiedrasblancas.com.ar\/wp-content\/uploads\/2021\/08\/posta-768x773.png 768w, http:\/\/turismopiedrasblancas.com.ar\/wp-content\/uploads\/2021\/08\/posta-1526x1536.png 1526w, http:\/\/turismopiedrasblancas.com.ar\/wp-content\/uploads\/2021\/08\/posta-2034x2048.png 2034w\" sizes=\"(max-width: 92px) 100vw, 92px\" \/><figcaption>    Reglamento Interno<\/figcaption><\/figure><\/div>\n<\/div>\n<\/div>\n\n\n\n<p><span class=\"has-inline-color has-black-color\">El complejo&nbsp;<strong>\u00abPosta del Cardenal\u00bb<\/strong>&nbsp;esta situado a la vera de la Laguna El Brete,&nbsp;marco natural que tiene la particularidad de conjugar una arm\u00f3nica interacci\u00f3n entre el desarrollo de infraestructuras que brindan al turismo servicios y alternativas recreativas, con un ambiente de extraordinaria diversidad en recursos silvestres, un lugar apropiado para descansar y observar la&nbsp; fauna y flora del lugar. Su ubicaci\u00f3n, al pie del cerro sobre la laguna &#8220;El Brete&#8221;, permite disfrutar de una vista privilegiada al r\u00edo Paran\u00e1<\/span><\/p>\n\n\n\n<figure class=\"wp-block-image size-full is-resized\"><img loading=\"lazy\" src=\"http:\/\/turismopiedrasblancas.com.ar\/wp-content\/uploads\/2021\/08\/publi-turismo-piedras-blancas.gif\" alt=\"\" class=\"wp-image-208\" width=\"839\" height=\"249\"\/><\/figure>\n\n\n\n<p><span class=\"has-inline-color has-black-color\">Las caba\u00f1as cuentan con capacidad para 4 y 6 personas con dos dormitorios: uno con cama matrimonial y el otro con camas de una plaza. Todas las caba\u00f1as poseen aire acondicionado frio- calor (en una sola habitaci\u00f3n), ventiladores de techo en los dem\u00e1s ambientes, TV, WIFI, anafe, frigobar y parrilla con una vista \u00fanica.<\/span><\/p>\n\n\n\n<p><span class=\"has-inline-color has-black-color\">El complejo cuenta con pileta y un quincho de usos m\u00faltiples equipado con parrilla, disco, mechero y freezers. Adem\u00e1s, dispone de juegos infantiles, metegol y mesa de ping pong.<\/span><\/p>\n\n\n\n<p><span class=\"has-inline-color has-black-color\">En caso de tener mascotas, consultar a la hora de la reserva si se admite el ingreso y permanencia del mismo. Se debe tener en cuenta que en caso de que el animal rompa algo, el due\u00f1o deber\u00e1 costear los gastos de la rotura.<\/span><\/p>\n\n\n\n<p><span class=\"has-inline-color has-black-color\">Te esperamos!!!<\/span><\/p>\n\n\n\n<h3 class=\"has-text-align-center\" id=\"TARIFAS\"><\/h3>\n\n\n\n<h3 class=\"has-text-align-center\"><span class=\"has-inline-color has-black-color\">TARIFAS<\/span><\/h3>\n\n\n\n<div class=\"wp-block-columns\">\n<div class=\"wp-block-column\">\n<p><span class=\"has-inline-color has-black-color\">Ingreso:<br>\u2013 Por Persona $2.500<br>\u2013 Personas con Discapacidad mas un acompa\u00f1ante Sin Costo<br>\u2013 Motos $2.500<br>\u2013 Veh\u00edculos livianos $4.000<br>\u2013 Embarcaciones c\/propul. mec\u00e1nica $15.000<br>\u2013 Embarcaciones c\/propul. humana $2.500<br>\u2013 Camiones y Colectivos $8.000<\/span><\/p>\n<\/div>\n\n\n\n<div class=\"wp-block-column is-vertically-aligned-top\">\n<p><span class=\"has-inline-color has-black-color\"> <strong>Estad\u00edas \/ Alojamientos<\/strong><br>\u2013 Bungalows para 4 personas $80..000<br>\u2013 Bungalows para 6 personas $100.000<br><\/span><\/p>\n<\/div>\n<\/div>\n\n\n\n<h3 class=\"has-text-align-center\" id=\"MEDIOS\"><\/h3>\n\n\n\n<h3 class=\"has-text-align-center\"><span class=\"has-inline-color has-black-color\">MEDIOS DE PAGO<\/span><\/h3>\n\n\n\n<p><span class=\"has-inline-color has-black-color\">\u2013 Pago en Efectivo<br>\u2013 D\u00e9bito Autom\u00e1tico<\/span><\/p>\n\n\n\n<h2 class=\"has-text-align-center\" id=\"CONTACTO\"><\/h2>\n\n\n\n<h3 class=\"has-text-align-center\"><span class=\"has-inline-color has-black-color\">CONTACTO<\/span><\/h3>\n\n\n\n<h4 class=\"has-text-align-center\"><span style=\"color:#520703\" class=\"has-inline-color\">Informaci\u00f3n y Reservas &#8211; Contacto 3438558433<\/span> <\/h4>\n\n\n\n<h2 class=\"has-text-align-center\" id=\"COMO\"><\/h2>\n\n\n\n<h3 class=\"has-text-align-center\"><span class=\"has-inline-color has-black-color\">COMO LLEGAR <\/span><\/h3>\n\n\n\n<iframe src=\"https:\/\/www.google.com\/maps\/embed?pb=!1m23!1m12!1m3!1d6826.453791173155!2d-59.95282682431847!3d-31.186721625924775!2m3!1f0!2f0!3f0!3m2!1i1024!2i768!4f13.1!4m8!3e0!4m0!4m5!1s0x95b49bc1cb6d3175%3A0xeaa2e45e9836093c!2sPosta%20Del%20Cardenal%2C%20Circunvalaci%C3%B3n%20y%2C%20cardenilla%2C%20Entre%20R%C3%ADos!3m2!1d-31.1892395!2d-59.9527587!5e0!3m2!1ses-419!2sar!4v1630598648045!5m2!1ses-419!2sar\" width=\"800\" height=\"600\" style=\"border:0;\" allowfullscreen=\"\" loading=\"lazy\"><\/iframe>\n\n\n\n<div class=\"wp-block-columns\">\n<div class=\"wp-block-column\"><\/div>\n\n\n\n<div class=\"wp-block-column\"><\/div>\n\n\n\n<div class=\"wp-block-column\"><\/div>\n<\/div>\n","protected":false},"excerpt":{"rendered":"<p>El complejo&nbsp;&laquo;Posta del Cardenal&raquo;&nbsp;esta situado a la vera de la Laguna El Brete,&nbsp;marco natural que tiene la particularidad de conjugar una arm&oacute;nica interacci&oacute;n entre el desarrollo de infraestructuras que brindan al turismo servicios y alternativas recreativas, con un ambiente de extraordinaria diversidad en recursos silvestres, un lugar apropiado para descansar [&hellip;]<\/p>\n","protected":false},"author":2,"featured_media":0,"parent":0,"menu_order":0,"comment_status":"closed","ping_status":"closed","template":"","meta":{"om_disable_all_campaigns":false,"_monsterinsights_skip_tracking":false,"_monsterinsights_sitenote_active":false,"_monsterinsights_sitenote_note":"","_monsterinsights_sitenote_category":0,"ngg_post_thumbnail":0},"_links":{"self":[{"href":"http:\/\/turismopiedrasblancas.com.ar\/index.php\/wp-json\/wp\/v2\/pages\/176"}],"collection":[{"href":"http:\/\/turismopiedrasblancas.com.ar\/index.php\/wp-json\/wp\/v2\/pages"}],"about":[{"href":"http:\/\/turismopiedrasblancas.com.ar\/index.php\/wp-json\/wp\/v2\/types\/page"}],"author":[{"embeddable":true,"href":"http:\/\/turismopiedrasblancas.com.ar\/index.php\/wp-json\/wp\/v2\/users\/2"}],"replies":[{"embeddable":true,"href":"http:\/\/turismopiedrasblancas.com.ar\/index.php\/wp-json\/wp\/v2\/comments?post=176"}],"version-history":[{"count":62,"href":"http:\/\/turismopiedrasblancas.com.ar\/index.php\/wp-json\/wp\/v2\/pages\/176\/revisions"}],"predecessor-version":[{"id":1680,"href":"http:\/\/turismopiedrasblancas.com.ar\/index.php\/wp-json\/wp\/v2\/pages\/176\/revisions\/1680"}],"wp:attachment":[{"href":"http:\/\/turismopiedrasblancas.com.ar\/index.php\/wp-json\/wp\/v2\/media?parent=176"}],"curies":[{"name":"wp","href":"https:\/\/api.w.org\/{rel}","templated":true}]}}