{"id":119,"date":"2021-08-15T00:36:33","date_gmt":"2021-08-15T03:36:33","guid":{"rendered":"http:\/\/turismopiedrasblancas.com.ar\/?page_id=119"},"modified":"2026-02-13T10:49:00","modified_gmt":"2026-02-13T13:49:00","slug":"camping-pirayu","status":"publish","type":"page","link":"http:\/\/turismopiedrasblancas.com.ar\/index.php\/camping-pirayu\/","title":{"rendered":"Camping Piray\u00fa"},"content":{"rendered":"\n<div class=\"wp-block-columns\">\n<div class=\"wp-block-column\">\n<figure class=\"wp-block-image size-large is-resized\"><a href=\"#COMO\"><img loading=\"lazy\" src=\"http:\/\/turismopiedrasblancas.com.ar\/wp-content\/uploads\/2021\/09\/COMO-LL-2-770x1024.png\" alt=\"\" class=\"wp-image-759\" width=\"65\" height=\"85\" srcset=\"http:\/\/turismopiedrasblancas.com.ar\/wp-content\/uploads\/2021\/09\/COMO-LL-2-770x1024.png 770w, http:\/\/turismopiedrasblancas.com.ar\/wp-content\/uploads\/2021\/09\/COMO-LL-2-226x300.png 226w, http:\/\/turismopiedrasblancas.com.ar\/wp-content\/uploads\/2021\/09\/COMO-LL-2-768x1021.png 768w, http:\/\/turismopiedrasblancas.com.ar\/wp-content\/uploads\/2021\/09\/COMO-LL-2.png 963w\" sizes=\"(max-width: 65px) 100vw, 65px\" \/><\/a><figcaption>Como Llegar<\/figcaption><\/figure>\n<\/div>\n\n\n\n<div class=\"wp-block-column\">\n<figure class=\"wp-block-image size-large is-resized\"><a href=\"#CONTACTO\"><img loading=\"lazy\" src=\"http:\/\/turismopiedrasblancas.com.ar\/wp-content\/uploads\/2021\/08\/CONTACTO-1024x1024.png\" alt=\"\" class=\"wp-image-641\" width=\"85\" height=\"85\" srcset=\"http:\/\/turismopiedrasblancas.com.ar\/wp-content\/uploads\/2021\/08\/CONTACTO-1024x1024.png 1024w, http:\/\/turismopiedrasblancas.com.ar\/wp-content\/uploads\/2021\/08\/CONTACTO-300x300.png 300w, http:\/\/turismopiedrasblancas.com.ar\/wp-content\/uploads\/2021\/08\/CONTACTO-150x150.png 150w, http:\/\/turismopiedrasblancas.com.ar\/wp-content\/uploads\/2021\/08\/CONTACTO-768x768.png 768w, http:\/\/turismopiedrasblancas.com.ar\/wp-content\/uploads\/2021\/08\/CONTACTO.png 1268w\" sizes=\"(max-width: 85px) 100vw, 85px\" \/><\/a><figcaption>    Contacto<\/figcaption><\/figure>\n\n\n\n<p><\/p>\n<\/div>\n\n\n\n<div class=\"wp-block-column\">\n<figure class=\"wp-block-image size-full is-resized\"><a href=\"#TARIFAS\"><img loading=\"lazy\" src=\"http:\/\/turismopiedrasblancas.com.ar\/wp-content\/uploads\/2021\/08\/tarifas.png\" alt=\"\" class=\"wp-image-596\" width=\"89\" height=\"82\"\/><\/a><figcaption>       Tarifas<\/figcaption><\/figure>\n<\/div>\n\n\n\n<div class=\"wp-block-column\">\n<figure class=\"wp-block-image size-full is-resized\"><a href=\"#MEDIOS\"><img loading=\"lazy\" src=\"http:\/\/turismopiedrasblancas.com.ar\/wp-content\/uploads\/2021\/08\/medio-de-pago.png\" alt=\"\" class=\"wp-image-598\" width=\"98\" height=\"84\"\/><\/a><figcaption>Medios de Pago<\/figcaption><\/figure>\n\n\n\n<p><\/p>\n<\/div>\n\n\n\n<div class=\"wp-block-column\">\n<figure class=\"wp-block-image size-large is-resized\"><a href=\"http:\/\/turismopiedrasblancas.com.ar\/wp-content\/uploads\/2024\/10\/REGLAMENTO-INTERNO-camping-pirayu.pdf\"><img loading=\"lazy\" src=\"http:\/\/turismopiedrasblancas.com.ar\/wp-content\/uploads\/2021\/08\/image-1-1024x1024.png\" alt=\"\" class=\"wp-image-429\" width=\"86\" height=\"86\" srcset=\"http:\/\/turismopiedrasblancas.com.ar\/wp-content\/uploads\/2021\/08\/image-1.png 1024w, http:\/\/turismopiedrasblancas.com.ar\/wp-content\/uploads\/2021\/08\/image-1-300x300.png 300w, http:\/\/turismopiedrasblancas.com.ar\/wp-content\/uploads\/2021\/08\/image-1-150x150.png 150w, http:\/\/turismopiedrasblancas.com.ar\/wp-content\/uploads\/2021\/08\/image-1-768x768.png 768w\" sizes=\"(max-width: 86px) 100vw, 86px\" \/><\/a><figcaption>Reglamento Interno<\/figcaption><\/figure>\n\n\n\n<p><\/p>\n<\/div>\n<\/div>\n\n\n\n<figure class=\"wp-block-image size-full\"><img loading=\"lazy\" width=\"800\" height=\"206\" src=\"http:\/\/turismopiedrasblancas.com.ar\/wp-content\/uploads\/2022\/11\/TARIFAS-INGRESO-CAMPING-PIRAYU-2023.gif\" alt=\"\" class=\"wp-image-1393\"\/><\/figure>\n\n\n\n<p><span class=\"has-inline-color has-black-color\">El&nbsp;<strong>Camping Piray\u00fa<\/strong>&nbsp;pone a disposici\u00f3n del visitante numerosas prestaciones y comodidades que aseguran jornadas de disfrute placentero, el lugar est\u00e1 enclavado sobre las barrancas que acompa\u00f1an el paso del R\u00edo Paran\u00e1, las mismas que le han dado el mote a Piedras Blancas como \u00abEl Balc\u00f3n del Paran\u00e1\u00bb.&nbsp;<\/span><\/p>\n\n\n\n<p><span class=\"has-inline-color has-black-color\">Definen sus instalaciones al servicio del turista: un sector para acampar dispuesto con quinchos, churrasqueras con tomacorrientes, mesas provistas de bancos, agua potable, sanitarios con agua caliente;&nbsp;<strong>caba\u00f1as y bungalows<\/strong>&nbsp;con capacidad para 3, 4, 5 y 6 personas completando la infraestructura de alojamiento; una plaza de juegos infantiles y un \u00e1rea deportiva; un agradable&nbsp;<strong>parador de costa&nbsp;<\/strong>y un&nbsp;<strong>malacate el\u00e9ctrico<\/strong>&nbsp;para botar las embarcaciones; una completa proveedur\u00eda y un comedor de platos artesanales y especialidades t\u00edpicas del lugar<\/span><\/p>\n\n\n\n<h1 class=\"has-text-align-center\" id=\"TARIFAS\"><\/h1>\n\n\n\n\t\t<!-- MasterSlider -->\n\t\t<div id=\"P_MS69e34ff0a07a8\" class=\"master-slider-parent msl ms-parent-id-1\" style=\"max-width:800px;\">\n\n\t\t\t\n\t\t\t<!-- MasterSlider Main -->\n\t\t\t<div id=\"MS69e34ff0a07a8\" class=\"master-slider ms-skin-light-3\" >\n\t\t\t\t \t\t\t\t \n\t\t\t\t<div  class=\"ms-slide\" data-delay=\"3\" data-fill-mode=\"fill\"  >\n\t\t\t\t\t<img src=\"http:\/\/turismopiedrasblancas.com.ar\/wp-content\/plugins\/master-slider\/public\/assets\/css\/blank.gif\" alt=\"\" title=\"\" data-src=\"http:\/\/turismopiedrasblancas.com.ar\/wp-content\/uploads\/2021\/08\/pira1.jpg\" \/>\n\n\n\t<div class=\"ms-thumb\" ><div class=\"ms-tab-context\"><div class=&quot;ms-tab-context&quot;><\/div><\/div>\n<\/div>\n\t\t\t\t<\/div>\n\t\t\t\t<div  class=\"ms-slide\" data-delay=\"3\" data-fill-mode=\"fill\"  >\n\t\t\t\t\t<img src=\"http:\/\/turismopiedrasblancas.com.ar\/wp-content\/plugins\/master-slider\/public\/assets\/css\/blank.gif\" alt=\"\" title=\"\" data-src=\"http:\/\/turismopiedrasblancas.com.ar\/wp-content\/uploads\/2021\/08\/pira3.jpg\" \/>\n\n\n\t<div class=\"ms-thumb\" ><div class=\"ms-tab-context\"><div class=&quot;ms-tab-context&quot;><\/div><\/div>\n<\/div>\n\t\t\t\t<\/div>\n\t\t\t\t<div  class=\"ms-slide\" data-delay=\"3\" data-fill-mode=\"fill\"  >\n\t\t\t\t\t<img src=\"http:\/\/turismopiedrasblancas.com.ar\/wp-content\/plugins\/master-slider\/public\/assets\/css\/blank.gif\" alt=\"\" title=\"\" data-src=\"http:\/\/turismopiedrasblancas.com.ar\/wp-content\/uploads\/2021\/08\/pira4.jpg\" \/>\n\n\n\t<div class=\"ms-thumb\" ><div class=\"ms-tab-context\"><div class=&quot;ms-tab-context&quot;><\/div><\/div>\n<\/div>\n\t\t\t\t<\/div>\n\t\t\t\t<div  class=\"ms-slide\" data-delay=\"3\" data-fill-mode=\"fill\"  >\n\t\t\t\t\t<img src=\"http:\/\/turismopiedrasblancas.com.ar\/wp-content\/plugins\/master-slider\/public\/assets\/css\/blank.gif\" alt=\"\" title=\"\" data-src=\"http:\/\/turismopiedrasblancas.com.ar\/wp-content\/uploads\/2021\/08\/pira-1.jpg\" \/>\n\n\n\t<div class=\"ms-thumb\" ><div class=\"ms-tab-context\"><div class=&quot;ms-tab-context&quot;><\/div><\/div>\n<\/div>\n\t\t\t\t<\/div>\n\t\t\t\t<div  class=\"ms-slide\" data-delay=\"3\" data-fill-mode=\"fill\"  >\n\t\t\t\t\t<img src=\"http:\/\/turismopiedrasblancas.com.ar\/wp-content\/plugins\/master-slider\/public\/assets\/css\/blank.gif\" alt=\"\" title=\"\" data-src=\"http:\/\/turismopiedrasblancas.com.ar\/wp-content\/uploads\/2022\/09\/1a937c91-bd02-49a4-af18-2324c8ebfbb2.jpg\" \/>\n\n\n\t<div class=\"ms-thumb\" ><div class=\"ms-tab-context\"><div class=&quot;ms-tab-context&quot;><\/div><\/div>\n<\/div>\n\t\t\t\t<\/div>\n\t\t\t\t<div  class=\"ms-slide\" data-delay=\"3\" data-fill-mode=\"fill\"  >\n\t\t\t\t\t<img src=\"http:\/\/turismopiedrasblancas.com.ar\/wp-content\/plugins\/master-slider\/public\/assets\/css\/blank.gif\" alt=\"\" title=\"\" data-src=\"http:\/\/turismopiedrasblancas.com.ar\/wp-content\/uploads\/2022\/09\/3dfa8a0c-8940-4c91-8dbf-a11937e5b2cb.jpg\" \/>\n\n\n\t<div class=\"ms-thumb\" ><div class=\"ms-tab-context\"><div class=&quot;ms-tab-context&quot;><\/div><\/div>\n<\/div>\n\t\t\t\t<\/div>\n\t\t\t\t<div  class=\"ms-slide\" data-delay=\"3\" data-fill-mode=\"fill\"  >\n\t\t\t\t\t<img src=\"http:\/\/turismopiedrasblancas.com.ar\/wp-content\/plugins\/master-slider\/public\/assets\/css\/blank.gif\" alt=\"\" title=\"\" data-src=\"http:\/\/turismopiedrasblancas.com.ar\/wp-content\/uploads\/2022\/09\/6d879194-b30e-4fa7-ad5f-47a4b3d6d5f7-1.jpg\" \/>\n\n\n\t<div class=\"ms-thumb\" ><div class=\"ms-tab-context\"><div class=&quot;ms-tab-context&quot;><\/div><\/div>\n<\/div>\n\t\t\t\t<\/div>\n\t\t\t\t<div  class=\"ms-slide\" data-delay=\"3\" data-fill-mode=\"fill\"  >\n\t\t\t\t\t<img src=\"http:\/\/turismopiedrasblancas.com.ar\/wp-content\/plugins\/master-slider\/public\/assets\/css\/blank.gif\" alt=\"\" title=\"\" data-src=\"http:\/\/turismopiedrasblancas.com.ar\/wp-content\/uploads\/2022\/09\/23344c04-0445-4fd5-85f8-096f5b3c213e.jpg\" \/>\n\n\n\t<div class=\"ms-thumb\" ><div class=\"ms-tab-context\"><div class=&quot;ms-tab-context&quot;><\/div><\/div>\n<\/div>\n\t\t\t\t<\/div>\n\t\t\t\t<div  class=\"ms-slide\" data-delay=\"3\" data-fill-mode=\"fill\"  >\n\t\t\t\t\t<img src=\"http:\/\/turismopiedrasblancas.com.ar\/wp-content\/plugins\/master-slider\/public\/assets\/css\/blank.gif\" alt=\"\" title=\"\" data-src=\"http:\/\/turismopiedrasblancas.com.ar\/wp-content\/uploads\/2022\/09\/c40ce053-5ca6-4657-9d1e-d3fdfdc7a1c5.jpg\" \/>\n\n\n\t<div class=\"ms-thumb\" ><div class=\"ms-tab-context\"><div class=&quot;ms-tab-context&quot;><\/div><\/div>\n<\/div>\n\t\t\t\t<\/div>\n\t\t\t\t<div  class=\"ms-slide\" data-delay=\"3\" data-fill-mode=\"fill\"  >\n\t\t\t\t\t<img src=\"http:\/\/turismopiedrasblancas.com.ar\/wp-content\/plugins\/master-slider\/public\/assets\/css\/blank.gif\" alt=\"\" title=\"\" data-src=\"http:\/\/turismopiedrasblancas.com.ar\/wp-content\/uploads\/2022\/09\/e14f6f71-3838-4b50-8a4c-2527f9eb29aa.jpg\" \/>\n\n\n\t<div class=\"ms-thumb\" ><div class=\"ms-tab-context\"><div class=&quot;ms-tab-context&quot;><\/div><\/div>\n<\/div>\n\t\t\t\t<\/div>\n\n\t\t\t<\/div>\n\t\t\t<!-- END MasterSlider Main -->\n\n\t\t\t \n\t\t<\/div>\n\t\t<!-- END MasterSlider -->\n\n\t\t<script>\n\t\t(function ( $ ) {\n\t\t\t\"use strict\";\n\n\t\t\t$(function () {\n\t\t\t\tvar masterslider_07a8 = new MasterSlider();\n\n\t\t\t\t\/\/ slider controls\n\t\t\t\tmasterslider_07a8.control('arrows'     ,{ autohide:false, overVideo:true  });\t\t\t\tmasterslider_07a8.control('bullets'    ,{ autohide:true, overVideo:true, dir:'h', align:'bottom' , margin:10  });\n\n\t\t\t\tmasterslider_07a8.control('circletimer',{ autohide:false, overVideo:true, color:'#434343', radius:10, stroke:3   });\n\t\t\t\tmasterslider_07a8.control('timebar'    ,{ autohide:false, overVideo:true, align:'bottom', color:'#FFFFFF'  , width:4 });\n\t\t\t\t\/\/ slider setup\n\t\t\t\tmasterslider_07a8.setup(\"MS69e34ff0a07a8\", {\n\t\t\t\t\t\twidth           : 800,\n\t\t\t\t\t\theight          : 480,\n\t\t\t\t\t\tminHeight       : 0,\n\t\t\t\t\t\tspace           : 0,\n\t\t\t\t\t\tstart           : 1,\n\t\t\t\t\t\tgrabCursor      : true,\n\t\t\t\t\t\tswipe           : true,\n\t\t\t\t\t\tmouse           : true,\n\t\t\t\t\t\tlayout          : \"boxed\",\n\t\t\t\t\t\twheel           : false,\n\t\t\t\t\t\tautoplay        : true,\n\t\t\t\t\t\tinstantStartLayers:false,\n\t\t\t\t\t\tloop            : true,\n\t\t\t\t\t\tshuffle         : false,\n\t\t\t\t\t\tpreload         : 0,\n\t\t\t\t\t\theightLimit     : true,\n\t\t\t\t\t\tautoHeight      : false,\n\t\t\t\t\t\tsmoothHeight    : true,\n\t\t\t\t\t\tendPause        : false,\n\t\t\t\t\t\toverPause       : true,\n\t\t\t\t\t\tfillMode        : \"fill\",\n\t\t\t\t\t\tcenterControls  : true,\n\t\t\t\t\t\tstartOnAppear   : false,\n\t\t\t\t\t\tlayersMode      : \"center\",\n\t\t\t\t\t\thideLayers      : false,\n\t\t\t\t\t\tfullscreenMargin: 0,\n\t\t\t\t\t\tspeed           : 20,\n\t\t\t\t\t\tdir             : \"h\",\n\t\t\t\t\t\tparallaxMode    : 'swipe',\n\t\t\t\t\t\tview            : \"basic\"\n\t\t\t\t});\n\n\t\t\t\t\n\t\t\t\twindow.masterslider_instances = window.masterslider_instances || [];\n\t\t\t\twindow.masterslider_instances.push( masterslider_07a8 );\n\t\t\t });\n\n\t\t})(jQuery);\n\t\t<\/script>\n\n\n\n\n\n<h2 class=\"has-text-align-center\"><\/h2>\n\n\n\n<h4 class=\"has-text-align-center\"><span class=\"has-inline-color has-black-color\">TARIFAS<\/span><\/h4>\n\n\n\n<div class=\"wp-block-columns\">\n<div class=\"wp-block-column\">\n<div class=\"wp-block-group\"><div class=\"wp-block-group__inner-container\">\n<p><span class=\"has-inline-color has-black-color\"><strong>Ingreso:<\/strong><br>\u2013 Por Persona <strong>$2.500<\/strong><br>\u2013 Personas con Discapacidad mas un acompa\u00f1ante <strong>Sin Costo<\/strong><br>\u2013 Motos <strong>$2.500<\/strong><br>\u2013 Veh\u00edculos livianos <strong>$4.000<\/strong><br>\u2013 Embarcaciones c\/propulsi\u00f3n mec\u00e1nica <strong>$15.000<\/strong><br>\u2013 Embarcaciones c\/propulsi\u00f3n humana <strong>$2.500<\/strong><br>\u2013 Casa Rodante <strong>$8.000<\/strong><br>\u2013 Camiones y Colectivos <strong>$8.000<\/strong><\/span><\/p>\n<\/div><\/div>\n\n\n\n<p class=\"has-text-align-left\"><\/p>\n<\/div>\n\n\n\n<div class=\"wp-block-column is-vertically-aligned-top\">\n<p><span class=\"has-inline-color has-black-color\"> <strong>Estad\u00edas \/ Alojamientos<\/strong><br>\u2013 Carpas por d\u00eda <strong>$15.000<\/strong><br>\u2013 Casas rodantes por d\u00eda <strong>$30.000<\/strong><br>\u2013 Bungalows Clase A <strong>$60.000<\/strong><br>\u2013 Bungalows Clase B <strong>$60.000<\/strong><br>\u2013 Bungalows Clase C <strong>$60.000<\/strong><\/span><\/p>\n\n\n\n<p><\/p>\n\n\n\n<p><\/p>\n<\/div>\n<\/div>\n\n\n\n<h4 class=\"has-text-align-center\" id=\"MEDIOS\"><\/h4>\n\n\n\n<h4 class=\"has-text-align-center\"><span class=\"has-inline-color has-black-color\">MEDIOS DE PAGO<\/span><\/h4>\n\n\n\n<p><span class=\"has-inline-color has-black-color\">\u2013 Pago en Efectivo<br>\u2013 D\u00e9bito Autom<\/span>\u00e1tico <\/p>\n\n\n\n<p><\/p>\n\n\n\n<h4 class=\"has-text-align-center\"><span class=\"has-inline-color has-black-color\">CONTACTO<\/span><\/h4>\n\n\n\n<h3 class=\"has-text-align-center\" id=\"CONTACTO\"><\/h3>\n\n\n\n<h4 class=\"has-text-align-center\"><span style=\"color:#520703\" class=\"has-inline-color\">Informaci\u00f3n y Reservas<\/span>: <span style=\"color:#5e1428\" class=\"has-inline-color\">WhatsApp: 3438558433 <\/span><\/h4>\n\n\n\n<div class=\"wp-block-image\"><figure class=\"aligncenter size-large\"><a href=\"https:\/\/api.whatsapp.com\/send?phone=3438558433&amp;text=Hola,%20\"><img loading=\"lazy\" width=\"1024\" height=\"81\" src=\"http:\/\/turismopiedrasblancas.com.ar\/wp-content\/uploads\/2022\/11\/boton-w-1024x81.jpg\" alt=\"\" class=\"wp-image-1376\" srcset=\"http:\/\/turismopiedrasblancas.com.ar\/wp-content\/uploads\/2022\/11\/boton-w-1024x81.jpg 1024w, http:\/\/turismopiedrasblancas.com.ar\/wp-content\/uploads\/2022\/11\/boton-w-300x24.jpg 300w, http:\/\/turismopiedrasblancas.com.ar\/wp-content\/uploads\/2022\/11\/boton-w-768x61.jpg 768w, http:\/\/turismopiedrasblancas.com.ar\/wp-content\/uploads\/2022\/11\/boton-w-1536x122.jpg 1536w, http:\/\/turismopiedrasblancas.com.ar\/wp-content\/uploads\/2022\/11\/boton-w.jpg 1991w\" sizes=\"(max-width: 1024px) 100vw, 1024px\" \/><\/a><\/figure><\/div>\n\n\n\n<h3 class=\"has-text-align-center\" id=\"COMO\"><\/h3>\n\n\n\n<h3 class=\"has-text-align-center\"><strong>COMO LLEGAR<\/strong><\/h3>\n\n\n\n<iframe src=\"https:\/\/www.google.com\/maps\/embed?pb=!1m23!1m12!1m3!1d13653.313177943852!2d-59.959012417053216!3d-31.183909503713096!2m3!1f0!2f0!3f0!3m2!1i1024!2i768!4f13.1!4m8!3e0!4m0!4m5!1s0x95b49bdcb5c0d66b%3A0x77c63910a0e07fdd!2sCamping%20Piray%C3%BA%2C%20Calle%20Del%20Jilguero%2C%20E3129%20Piedras%20Blancas%2C%20Entre%20R%C3%ADos!3m2!1d-31.181741!2d-59.956678999999994!5e0!3m2!1ses-419!2sar!4v1630665337935!5m2!1ses-419!2sar\" width=\"800\" height=\"600\" style=\"border:0;\" allowfullscreen=\"\" loading=\"lazy\"><\/iframe>\n","protected":false},"excerpt":{"rendered":"<p>El&nbsp;Camping Piray&uacute;&nbsp;pone a disposici&oacute;n del visitante numerosas prestaciones y comodidades que aseguran jornadas de disfrute placentero, el lugar est&aacute; enclavado sobre las barrancas que acompa&ntilde;an el paso del R&iacute;o Paran&aacute;, las mismas que le han dado el mote a Piedras Blancas como &laquo;El Balc&oacute;n del Paran&aacute;&raquo;.&nbsp; Definen sus instalaciones al [&hellip;]<\/p>\n","protected":false},"author":2,"featured_media":0,"parent":0,"menu_order":0,"comment_status":"closed","ping_status":"closed","template":"","meta":{"om_disable_all_campaigns":false,"_monsterinsights_skip_tracking":false,"_monsterinsights_sitenote_active":false,"_monsterinsights_sitenote_note":"","_monsterinsights_sitenote_category":0,"ngg_post_thumbnail":0},"_links":{"self":[{"href":"http:\/\/turismopiedrasblancas.com.ar\/index.php\/wp-json\/wp\/v2\/pages\/119"}],"collection":[{"href":"http:\/\/turismopiedrasblancas.com.ar\/index.php\/wp-json\/wp\/v2\/pages"}],"about":[{"href":"http:\/\/turismopiedrasblancas.com.ar\/index.php\/wp-json\/wp\/v2\/types\/page"}],"author":[{"embeddable":true,"href":"http:\/\/turismopiedrasblancas.com.ar\/index.php\/wp-json\/wp\/v2\/users\/2"}],"replies":[{"embeddable":true,"href":"http:\/\/turismopiedrasblancas.com.ar\/index.php\/wp-json\/wp\/v2\/comments?post=119"}],"version-history":[{"count":109,"href":"http:\/\/turismopiedrasblancas.com.ar\/index.php\/wp-json\/wp\/v2\/pages\/119\/revisions"}],"predecessor-version":[{"id":1672,"href":"http:\/\/turismopiedrasblancas.com.ar\/index.php\/wp-json\/wp\/v2\/pages\/119\/revisions\/1672"}],"wp:attachment":[{"href":"http:\/\/turismopiedrasblancas.com.ar\/index.php\/wp-json\/wp\/v2\/media?parent=119"}],"curies":[{"name":"wp","href":"https:\/\/api.w.org\/{rel}","templated":true}]}}