{"id":117,"date":"2021-08-15T00:34:55","date_gmt":"2021-08-15T03:34:55","guid":{"rendered":"http:\/\/turismopiedrasblancas.com.ar\/?page_id=117"},"modified":"2023-12-05T08:16:30","modified_gmt":"2023-12-05T11:16:30","slug":"atractivos-turisticos","status":"publish","type":"page","link":"http:\/\/turismopiedrasblancas.com.ar\/index.php\/atractivos-turisticos\/","title":{"rendered":"Atractivos Tur\u00edsticos"},"content":{"rendered":"\n<p><span class=\"has-inline-color has-black-color\">Piedras Blancas, ofrece durante todo el a\u00f1o distintas alternativas tur\u00edsticas que sumadas a la serenidad y tranquilidad de este lugar, la hacen un destino ideal para disfrutar.<\/span><\/p>\n\n\n\n<p><span class=\"has-inline-color has-black-color\">La heterogeneidad de sus espl\u00e9ndidos paisajes la hacen naturalmente \u00fanica, sus arenas c\u00e1lidas, su abundante vegetaci\u00f3n e imponentes barrancas acompa\u00f1an el paso de las tranquilas aguas del majestuoso R\u00edo Paran\u00e1 que ba\u00f1an sus costas.<\/span><\/p>\n","protected":false},"excerpt":{"rendered":"<p>Piedras Blancas, ofrece durante todo el a&ntilde;o distintas alternativas tur&iacute;sticas que sumadas a la serenidad y tranquilidad de este lugar, la hacen un destino ideal para disfrutar. La heterogeneidad de sus espl&eacute;ndidos paisajes la hacen naturalmente &uacute;nica, sus arenas c&aacute;lidas, su abundante vegetaci&oacute;n e imponentes barrancas acompa&ntilde;an el paso de [&hellip;]<\/p>\n","protected":false},"author":2,"featured_media":0,"parent":0,"menu_order":0,"comment_status":"closed","ping_status":"closed","template":"","meta":{"om_disable_all_campaigns":false,"_monsterinsights_skip_tracking":false,"_monsterinsights_sitenote_active":false,"_monsterinsights_sitenote_note":"","_monsterinsights_sitenote_category":0,"ngg_post_thumbnail":0},"_links":{"self":[{"href":"http:\/\/turismopiedrasblancas.com.ar\/index.php\/wp-json\/wp\/v2\/pages\/117"}],"collection":[{"href":"http:\/\/turismopiedrasblancas.com.ar\/index.php\/wp-json\/wp\/v2\/pages"}],"about":[{"href":"http:\/\/turismopiedrasblancas.com.ar\/index.php\/wp-json\/wp\/v2\/types\/page"}],"author":[{"embeddable":true,"href":"http:\/\/turismopiedrasblancas.com.ar\/index.php\/wp-json\/wp\/v2\/users\/2"}],"replies":[{"embeddable":true,"href":"http:\/\/turismopiedrasblancas.com.ar\/index.php\/wp-json\/wp\/v2\/comments?post=117"}],"version-history":[{"count":4,"href":"http:\/\/turismopiedrasblancas.com.ar\/index.php\/wp-json\/wp\/v2\/pages\/117\/revisions"}],"predecessor-version":[{"id":540,"href":"http:\/\/turismopiedrasblancas.com.ar\/index.php\/wp-json\/wp\/v2\/pages\/117\/revisions\/540"}],"wp:attachment":[{"href":"http:\/\/turismopiedrasblancas.com.ar\/index.php\/wp-json\/wp\/v2\/media?parent=117"}],"curies":[{"name":"wp","href":"https:\/\/api.w.org\/{rel}","templated":true}]}}